{"id":52,"date":"2021-01-18T11:35:34","date_gmt":"2021-01-18T10:35:34","guid":{"rendered":"https:\/\/re-secure.de\/?page_id=52"},"modified":"2021-01-19T07:19:46","modified_gmt":"2021-01-19T06:19:46","slug":"personal","status":"publish","type":"page","link":"https:\/\/re-secure.de\/?page_id=52","title":{"rendered":""},"content":{"rendered":"\n<p><img loading=\"lazy\" decoding=\"async\" width=\"150\" height=\"54\" class=\"wp-image-105\" style=\"width: 150px;\" src=\"https:\/\/re-secure.de\/wp-content\/uploads\/2021\/01\/personal.png\" alt=\"\" srcset=\"https:\/\/re-secure.de\/wp-content\/uploads\/2021\/01\/personal.png 1294w, https:\/\/re-secure.de\/wp-content\/uploads\/2021\/01\/personal-300x109.png 300w, https:\/\/re-secure.de\/wp-content\/uploads\/2021\/01\/personal-1024x370.png 1024w, https:\/\/re-secure.de\/wp-content\/uploads\/2021\/01\/personal-768x278.png 768w\" sizes=\"auto, (max-width: 150px) 100vw, 150px\" \/><\/p>\n\n\n\n<p>VIP\u00b4s, Personen des \u00f6ffentlichen Lebends, Unternehmer, Vorst\u00e4nde- die Liste<br>von schutzbed\u00fcrftigen Personen ist lang.<br><br>Bei RE-Secure gilt der Personenschutz seit einem Jahrzehnt als die K\u00f6nigsdisziplin.<br>Deshalb schulen wir unser Personal f\u00fcr diesen Beruf nicht nur in sicherheitsrelevanten<br>Aufgaben, sondern auch in Kommunikation &amp; Softkills. So f\u00fchlen Sie sich nicht nur sicher,<br>sondern sind auch in niveauvoller Begleitung<\/p>\n\n\n\n<ul class=\"wp-block-list\"><li>Peronenschutz einzeln &amp; Gruppen<\/li><li>Observations- u. Aufkl\u00e4rungstechnik 24h<\/li><li>Grundlagen Fahren im Personenschutz<\/li><li>Abholung und Verbringung<\/li><li>Veranstaltungsschutz<\/li><li>Sicherheitsanalysen und Krisenreaktion<\/li><li>Lebensrettende Sofortma\u00dfnahmen &amp; Defibrilator-Schulung<\/li><li>Schie\u00dfausbildung &#8211; Schie\u00dfen im Personenschutz<\/li><li>Kommunikation &amp; Umgangsformen<\/li><li>souver\u00e4nes Auftreten &amp; De-Eskalation<\/li><\/ul>\n","protected":false},"excerpt":{"rendered":"<p>VIP\u00b4s, Personen des \u00f6ffentlichen Lebends, Unternehmer, Vorst\u00e4nde- die Listevon schutzbed\u00fcrftigen Personen ist lang. Bei RE-Secure gilt der Personenschutz seit einem Jahrzehnt als die K\u00f6nigsdisziplin.Deshalb schulen wir unser Personal f\u00fcr diesen Beruf nicht nur in sicherheitsrelevantenAufgaben, sondern auch in Kommunikation &amp; Softkills. So f\u00fchlen Sie sich nicht nur sicher,sondern sind auch in niveauvoller Begleitung Peronenschutz einzeln [&hellip;]<\/p>\n","protected":false},"author":1,"featured_media":0,"parent":0,"menu_order":0,"comment_status":"closed","ping_status":"closed","template":"","meta":{"om_disable_all_campaigns":false,"_monsterinsights_skip_tracking":false,"_monsterinsights_sitenote_active":false,"_monsterinsights_sitenote_note":"","_monsterinsights_sitenote_category":0,"footnotes":""},"class_list":["post-52","page","type-page","status-publish","hentry"],"aioseo_notices":[],"_links":{"self":[{"href":"https:\/\/re-secure.de\/index.php?rest_route=\/wp\/v2\/pages\/52","targetHints":{"allow":["GET"]}}],"collection":[{"href":"https:\/\/re-secure.de\/index.php?rest_route=\/wp\/v2\/pages"}],"about":[{"href":"https:\/\/re-secure.de\/index.php?rest_route=\/wp\/v2\/types\/page"}],"author":[{"embeddable":true,"href":"https:\/\/re-secure.de\/index.php?rest_route=\/wp\/v2\/users\/1"}],"replies":[{"embeddable":true,"href":"https:\/\/re-secure.de\/index.php?rest_route=%2Fwp%2Fv2%2Fcomments&post=52"}],"version-history":[{"count":2,"href":"https:\/\/re-secure.de\/index.php?rest_route=\/wp\/v2\/pages\/52\/revisions"}],"predecessor-version":[{"id":162,"href":"https:\/\/re-secure.de\/index.php?rest_route=\/wp\/v2\/pages\/52\/revisions\/162"}],"wp:attachment":[{"href":"https:\/\/re-secure.de\/index.php?rest_route=%2Fwp%2Fv2%2Fmedia&parent=52"}],"curies":[{"name":"wp","href":"https:\/\/api.w.org\/{rel}","templated":true}]}}